{"id":1533,"date":"2021-08-25T23:53:32","date_gmt":"2021-08-25T23:53:32","guid":{"rendered":"https:\/\/transasia.com.tr\/konteyner-tasimaciligi\/"},"modified":"2021-10-14T19:47:47","modified_gmt":"2021-10-14T19:47:47","slug":"konteyner-tasimaciligi","status":"publish","type":"page","link":"https:\/\/transasia.com.tr\/en\/konteyner-tasimaciligi\/","title":{"rendered":"Container Transportation (FCL-LCL)"},"content":{"rendered":"<p>[vc_row][vc_column]<div class=\"cz_gap clr  hide_on_tablet hide_on_mobile\" style=\"height: 25px\"><\/div><div class=\"cz_gap show_on_tablet clr \" style=\"height: 0px\"><\/div>[\/vc_column][\/vc_row][vc_row][vc_column offset=&#8221;vc_col-md-6&#8243;]<div id=\"cz_98087\" class=\"cz_98087 cz_title clr cz_mobile_text_center cz_title_pos_inline\"><div class=\"cz_title_content\"><div class=\"cz_wpe_content\"><h3><span style=\"font-size: 36px;\"><span style=\"color: #224670;\">Container Transportation (FCL-LCL)<\/span><\/span><\/h3>\n<\/div><\/div><\/div><div class=\"cz_gap clr \" style=\"height: 50px\"><\/div><div id=\"cz_100730\" class=\"cz_100730 cz_title clr cz_mobile_text_center cz_title_pos_inline\"><div class=\"cz_title_content\"><div class=\"cz_wpe_content\"><p><span style=\"font-size: 18px; color: #666666;\">Container transporation which has left its mark on the last 40 years is the leading of our activity fields.We provide door to door, port to port based FCL and LCL container transporation service thanks to close relations with national and international container lines that gives regular service to container ports all around the world.<br \/>\nFollowing are the services we provide;<br \/>\n-FCL-LCL container transportation<br \/>\n-Fore transportation and last transporation<br \/>\n-Loaind into the container, discharge and fixation<br \/>\n-Pre-owned (istersen second hand kullan) purchase and sale<br \/>\n-Container maintainance<\/span><\/p>\n<\/div><\/div><\/div><div class=\"cz_gap clr \" style=\"height: 50px\"><\/div>[\/vc_column][vc_column offset=&#8221;vc_col-md-6&#8243;]<div id=\"cz2914\" class=\"cz2914 slick no_arrows dots_bc dots_circle_outline\" data-slick='{\"selector\":\"\",\"slidesToShow\":1,\"slidesToScroll\":1,\"rows\":1,\"fade\":false,\"vertical\":false,\"verticalSwiping\":false,\"infinite\":true,\"speed\":1000,\"swipeToSlide\":true,\"centerMode\":false,\"centerPadding\":\"\",\"variableWidth\":false,\"autoplay\":false,\"autoplaySpeed\":4000,\"dots\":true,\"counts\":false,\"adaptiveHeight\":false,\"responsive\":[{\"breakpoint\":769,\"settings\":{\"slidesToShow\":1,\"slidesToScroll\":1,\"touchMove\":true}},{\"breakpoint\":481,\"settings\":{\"slidesToShow\":1,\"slidesToScroll\":1,\"touchMove\":true}}]}' data-slick-prev=\"fa fa-chevron-left\" data-slick-next=\"fa fa-chevron-right\"><div id=\"cz_39638\" class=\"cz_grid_p cz_39638\"><div class=\"cz_grid cz_grid_1 clr cz_grid_carousel cz_grid_1_no_hover cz_grid_1_mid tac cz_grid_disable_links\" data-gap=\"0\"><div class=\"cz_grid_item cz_grid_first\"><\/div><div class=\"cz_grid_item \"><div><a class=\"cz_grid_link \" href=\"https:\/\/transasia.com.tr\/wp-content\/uploads\/2021\/08\/8.jpg\" data-xtra-lightbox><img width=\"600\" height=\"600\" src=\"data:image\/svg+xml,%3Csvg%20xmlns%3D&#39;http%3A%2F%2Fwww.w3.org%2F2000%2Fsvg&#39;%20width=&#39;600&#39;%20height=&#39;600&#39;%20viewBox%3D&#39;0%200%20600%20600&#39;%2F%3E\" data-czlz data-src=\"https:\/\/transasia.com.tr\/wp-content\/uploads\/2021\/08\/8.jpg\" class=\"attachment-codevz_600_600\" alt=\"\" decoding=\"async\" \/><div class=\"cz_grid_details\"><i class=\"fa fa-search cz_grid_icon\"><\/i><\/div><\/a><\/div><\/div><div class=\"cz_grid_item \"><div><a class=\"cz_grid_link \" href=\"https:\/\/transasia.com.tr\/wp-content\/uploads\/2021\/08\/9.jpg\" data-xtra-lightbox><img width=\"600\" height=\"600\" src=\"data:image\/svg+xml,%3Csvg%20xmlns%3D&#39;http%3A%2F%2Fwww.w3.org%2F2000%2Fsvg&#39;%20width=&#39;600&#39;%20height=&#39;600&#39;%20viewBox%3D&#39;0%200%20600%20600&#39;%2F%3E\" data-czlz data-src=\"https:\/\/transasia.com.tr\/wp-content\/uploads\/2021\/08\/9.jpg\" class=\"attachment-codevz_600_600\" alt=\"\" decoding=\"async\" \/><div class=\"cz_grid_details\"><i class=\"fa fa-search cz_grid_icon\"><\/i><\/div><\/a><\/div><\/div><div class=\"cz_grid_item \"><div><a class=\"cz_grid_link \" href=\"https:\/\/transasia.com.tr\/wp-content\/uploads\/2021\/08\/10.jpg\" data-xtra-lightbox><img width=\"600\" height=\"600\" src=\"data:image\/svg+xml,%3Csvg%20xmlns%3D&#39;http%3A%2F%2Fwww.w3.org%2F2000%2Fsvg&#39;%20width=&#39;600&#39;%20height=&#39;600&#39;%20viewBox%3D&#39;0%200%20600%20600&#39;%2F%3E\" data-czlz data-src=\"https:\/\/transasia.com.tr\/wp-content\/uploads\/2021\/08\/10.jpg\" class=\"attachment-codevz_600_600\" alt=\"\" decoding=\"async\" \/><div class=\"cz_grid_details\"><i class=\"fa fa-search cz_grid_icon\"><\/i><\/div><\/a><\/div><\/div><\/div><\/div><\/div><div data-cz-style='#cz2914 .slick-list{margin: 0 -0px;clip-path:inset(0 0px 0 0px)}#cz2914 .slick-slide{margin: 0 0px}'><\/div>[\/vc_column][\/vc_row][vc_row][vc_column]<div class=\"cz_gap clr  hide_on_tablet hide_on_mobile\" style=\"height: 100px\"><\/div><div class=\"cz_gap show_on_tablet clr  show_only_tablet\" style=\"height: 48px\"><\/div><div class=\"cz_gap show_on_mobile clr\" style=\"height: 0px\"><\/div>[\/vc_column][\/vc_row][vc_row][vc_column offset=&#8221;vc_hidden-lg vc_hidden-md&#8221;][vc_widget_sidebar sidebar_id=&#8221;secondary&#8221;][\/vc_column][\/vc_row]<\/p>\n","protected":false},"excerpt":{"rendered":"<p>[vc_row][vc_column][\/vc_column][\/vc_row][vc_row][vc_column offset=&#8221;vc_col-md-6&#8243;][\/vc_column][vc_column offset=&#8221;vc_col-md-6&#8243;][\/vc_column][\/vc_row][vc_row][vc_column][\/vc_column][\/vc_row][vc_row][vc_column offset=&#8221;vc_hidden-lg vc_hidden-md&#8221;][vc_widget_sidebar sidebar_id=&#8221;secondary&#8221;][\/vc_column][\/vc_row] &#8230; <\/p>\n","protected":false},"author":1,"featured_media":0,"parent":0,"menu_order":0,"comment_status":"closed","ping_status":"closed","template":"","meta":[],"yoast_head":"<!-- This site is optimized with the Yoast SEO plugin v19.12 - https:\/\/yoast.com\/wordpress\/plugins\/seo\/ -->\n<title>Container Transportation (FCL-LCL) - Transasia<\/title>\n<meta name=\"robots\" content=\"index, follow, max-snippet:-1, max-image-preview:large, max-video-preview:-1\" \/>\n<link rel=\"canonical\" href=\"https:\/\/transasia.com.tr\/en\/konteyner-tasimaciligi\/\" \/>\n<meta property=\"og:locale\" content=\"en_US\" \/>\n<meta property=\"og:type\" content=\"article\" \/>\n<meta property=\"og:title\" content=\"Container Transportation (FCL-LCL) - Transasia\" \/>\n<meta property=\"og:description\" content=\"[vc_row][vc_column][\/vc_column][\/vc_row][vc_row][vc_column offset=&#8221;vc_col-md-6&#8243;][\/vc_column][vc_column offset=&#8221;vc_col-md-6&#8243;][\/vc_column][\/vc_row][vc_row][vc_column][\/vc_column][\/vc_row][vc_row][vc_column offset=&#8221;vc_hidden-lg vc_hidden-md&#8221;][vc_widget_sidebar sidebar_id=&#8221;secondary&#8221;][\/vc_column][\/vc_row] ...\" \/>\n<meta property=\"og:url\" content=\"https:\/\/transasia.com.tr\/en\/konteyner-tasimaciligi\/\" \/>\n<meta property=\"og:site_name\" content=\"Transasia\" \/>\n<meta property=\"article:modified_time\" content=\"2021-10-14T19:47:47+00:00\" \/>\n<meta name=\"twitter:card\" content=\"summary_large_image\" \/>\n<meta name=\"twitter:label1\" content=\"Est. reading time\" \/>\n\t<meta name=\"twitter:data1\" content=\"1 minute\" \/>\n<script type=\"application\/ld+json\" class=\"yoast-schema-graph\">{\"@context\":\"https:\/\/schema.org\",\"@graph\":[{\"@type\":\"WebPage\",\"@id\":\"https:\/\/transasia.com.tr\/en\/konteyner-tasimaciligi\/\",\"url\":\"https:\/\/transasia.com.tr\/en\/konteyner-tasimaciligi\/\",\"name\":\"Container Transportation (FCL-LCL) - Transasia\",\"isPartOf\":{\"@id\":\"https:\/\/transasia.com.tr\/#website\"},\"datePublished\":\"2021-08-25T23:53:32+00:00\",\"dateModified\":\"2021-10-14T19:47:47+00:00\",\"breadcrumb\":{\"@id\":\"https:\/\/transasia.com.tr\/en\/konteyner-tasimaciligi\/#breadcrumb\"},\"inLanguage\":\"en-US\",\"potentialAction\":[{\"@type\":\"ReadAction\",\"target\":[\"https:\/\/transasia.com.tr\/en\/konteyner-tasimaciligi\/\"]}]},{\"@type\":\"BreadcrumbList\",\"@id\":\"https:\/\/transasia.com.tr\/en\/konteyner-tasimaciligi\/#breadcrumb\",\"itemListElement\":[{\"@type\":\"ListItem\",\"position\":1,\"name\":\"Anasayfa\",\"item\":\"https:\/\/transasia.com.tr\/en\/\"},{\"@type\":\"ListItem\",\"position\":2,\"name\":\"Container Transportation (FCL-LCL)\"}]},{\"@type\":\"WebSite\",\"@id\":\"https:\/\/transasia.com.tr\/#website\",\"url\":\"https:\/\/transasia.com.tr\/\",\"name\":\"Transasia\",\"description\":\"Transasia Denizcilik ve Ta\u015f\u0131mac\u0131l\u0131k Hizmetleri Ltd. \u015eti.\",\"publisher\":{\"@id\":\"https:\/\/transasia.com.tr\/#organization\"},\"potentialAction\":[{\"@type\":\"SearchAction\",\"target\":{\"@type\":\"EntryPoint\",\"urlTemplate\":\"https:\/\/transasia.com.tr\/?s={search_term_string}\"},\"query-input\":\"required name=search_term_string\"}],\"inLanguage\":\"en-US\"},{\"@type\":\"Organization\",\"@id\":\"https:\/\/transasia.com.tr\/#organization\",\"name\":\"Transasia Denizcilik ve Ta\u015f\u0131mac\u0131l\u0131k Hizmetleri Ltd. \u015eti.\",\"url\":\"https:\/\/transasia.com.tr\/\",\"logo\":{\"@type\":\"ImageObject\",\"inLanguage\":\"en-US\",\"@id\":\"https:\/\/transasia.com.tr\/#\/schema\/logo\/image\/\",\"url\":\"https:\/\/transasia.com.tr\/wp-content\/uploads\/2021\/08\/logo-2.png\",\"contentUrl\":\"https:\/\/transasia.com.tr\/wp-content\/uploads\/2021\/08\/logo-2.png\",\"width\":500,\"height\":127,\"caption\":\"Transasia Denizcilik ve Ta\u015f\u0131mac\u0131l\u0131k Hizmetleri Ltd. \u015eti.\"},\"image\":{\"@id\":\"https:\/\/transasia.com.tr\/#\/schema\/logo\/image\/\"}}]}<\/script>\n<!-- \/ Yoast SEO plugin. -->","yoast_head_json":{"title":"Container Transportation (FCL-LCL) - Transasia","robots":{"index":"index","follow":"follow","max-snippet":"max-snippet:-1","max-image-preview":"max-image-preview:large","max-video-preview":"max-video-preview:-1"},"canonical":"https:\/\/transasia.com.tr\/en\/konteyner-tasimaciligi\/","og_locale":"en_US","og_type":"article","og_title":"Container Transportation (FCL-LCL) - Transasia","og_description":"[vc_row][vc_column][\/vc_column][\/vc_row][vc_row][vc_column offset=&#8221;vc_col-md-6&#8243;][\/vc_column][vc_column offset=&#8221;vc_col-md-6&#8243;][\/vc_column][\/vc_row][vc_row][vc_column][\/vc_column][\/vc_row][vc_row][vc_column offset=&#8221;vc_hidden-lg vc_hidden-md&#8221;][vc_widget_sidebar sidebar_id=&#8221;secondary&#8221;][\/vc_column][\/vc_row] ...","og_url":"https:\/\/transasia.com.tr\/en\/konteyner-tasimaciligi\/","og_site_name":"Transasia","article_modified_time":"2021-10-14T19:47:47+00:00","twitter_card":"summary_large_image","twitter_misc":{"Est. reading time":"1 minute"},"schema":{"@context":"https:\/\/schema.org","@graph":[{"@type":"WebPage","@id":"https:\/\/transasia.com.tr\/en\/konteyner-tasimaciligi\/","url":"https:\/\/transasia.com.tr\/en\/konteyner-tasimaciligi\/","name":"Container Transportation (FCL-LCL) - Transasia","isPartOf":{"@id":"https:\/\/transasia.com.tr\/#website"},"datePublished":"2021-08-25T23:53:32+00:00","dateModified":"2021-10-14T19:47:47+00:00","breadcrumb":{"@id":"https:\/\/transasia.com.tr\/en\/konteyner-tasimaciligi\/#breadcrumb"},"inLanguage":"en-US","potentialAction":[{"@type":"ReadAction","target":["https:\/\/transasia.com.tr\/en\/konteyner-tasimaciligi\/"]}]},{"@type":"BreadcrumbList","@id":"https:\/\/transasia.com.tr\/en\/konteyner-tasimaciligi\/#breadcrumb","itemListElement":[{"@type":"ListItem","position":1,"name":"Anasayfa","item":"https:\/\/transasia.com.tr\/en\/"},{"@type":"ListItem","position":2,"name":"Container Transportation (FCL-LCL)"}]},{"@type":"WebSite","@id":"https:\/\/transasia.com.tr\/#website","url":"https:\/\/transasia.com.tr\/","name":"Transasia","description":"Transasia Denizcilik ve Ta\u015f\u0131mac\u0131l\u0131k Hizmetleri Ltd. \u015eti.","publisher":{"@id":"https:\/\/transasia.com.tr\/#organization"},"potentialAction":[{"@type":"SearchAction","target":{"@type":"EntryPoint","urlTemplate":"https:\/\/transasia.com.tr\/?s={search_term_string}"},"query-input":"required name=search_term_string"}],"inLanguage":"en-US"},{"@type":"Organization","@id":"https:\/\/transasia.com.tr\/#organization","name":"Transasia Denizcilik ve Ta\u015f\u0131mac\u0131l\u0131k Hizmetleri Ltd. \u015eti.","url":"https:\/\/transasia.com.tr\/","logo":{"@type":"ImageObject","inLanguage":"en-US","@id":"https:\/\/transasia.com.tr\/#\/schema\/logo\/image\/","url":"https:\/\/transasia.com.tr\/wp-content\/uploads\/2021\/08\/logo-2.png","contentUrl":"https:\/\/transasia.com.tr\/wp-content\/uploads\/2021\/08\/logo-2.png","width":500,"height":127,"caption":"Transasia Denizcilik ve Ta\u015f\u0131mac\u0131l\u0131k Hizmetleri Ltd. \u015eti."},"image":{"@id":"https:\/\/transasia.com.tr\/#\/schema\/logo\/image\/"}}]}},"_links":{"self":[{"href":"https:\/\/transasia.com.tr\/en\/wp-json\/wp\/v2\/pages\/1533"}],"collection":[{"href":"https:\/\/transasia.com.tr\/en\/wp-json\/wp\/v2\/pages"}],"about":[{"href":"https:\/\/transasia.com.tr\/en\/wp-json\/wp\/v2\/types\/page"}],"author":[{"embeddable":true,"href":"https:\/\/transasia.com.tr\/en\/wp-json\/wp\/v2\/users\/1"}],"replies":[{"embeddable":true,"href":"https:\/\/transasia.com.tr\/en\/wp-json\/wp\/v2\/comments?post=1533"}],"version-history":[{"count":1,"href":"https:\/\/transasia.com.tr\/en\/wp-json\/wp\/v2\/pages\/1533\/revisions"}],"predecessor-version":[{"id":1535,"href":"https:\/\/transasia.com.tr\/en\/wp-json\/wp\/v2\/pages\/1533\/revisions\/1535"}],"wp:attachment":[{"href":"https:\/\/transasia.com.tr\/en\/wp-json\/wp\/v2\/media?parent=1533"}],"curies":[{"name":"wp","href":"https:\/\/api.w.org\/{rel}","templated":true}]}}