{"id":1546,"date":"2021-08-25T23:07:46","date_gmt":"2021-08-25T23:07:46","guid":{"rendered":"https:\/\/transasia.com.tr\/hizmet-agi-hazar-denizi-ulkeleri\/"},"modified":"2021-10-14T20:17:25","modified_gmt":"2021-10-14T20:17:25","slug":"hizmet-agi-hazar-denizi-ulkeleri","status":"publish","type":"page","link":"https:\/\/transasia.com.tr\/en\/hizmet-agi-hazar-denizi-ulkeleri\/","title":{"rendered":"CASPIAN SEA COUNTRIES"},"content":{"rendered":"<p>[vc_row][vc_column offset=&#8221;vc_col-md-6&#8243;]<div class=\"cz_gap clr \" style=\"height: 15px\"><\/div><div id=\"cz_88259\" class=\"cz_88259 cz_title clr cz_mobile_text_center cz_title_pos_inline\"><div class=\"cz_title_content\"><div class=\"cz_wpe_content\"><p><span style=\"font-size: 18px; color: #666666;\">Our company is one of the intitutions that give proper Full, Partial, Project Cargo, Out of Gauge, Heavy lift services to Turkish and Hazar Sea ports especially to Turkmenbashi, Actau and Bak\u00fc over Volga and Don. We are experienced in transporting goods such as construction materials, vehicles, heavy machinery, iron, steel construction, container, container house, Stone breaking facility fully or partially. The following are the services that we provide;<br \/>\n<\/span><\/p>\n<\/div><\/div><\/div><div class=\"cz_gap clr \" style=\"height: 50px\"><\/div><ul id=\"cz_14409\" class=\"cz_14409 cz_stylish_list clr cz_sl_icon_hover_blur\"><li class=\"clr\"><div class=\"cz_sl_icon\"><i class=\"fa czico-074-tick-inside-circle mr10\"><\/i><\/div><div><span>Transportaion of Heavy Lift, goods out of gauge and Energy Stations, wind panels, Reflectors, bridge equipment, crane equipments, transformators.<\/span><\/div><\/li><li class=\"clr\"><div class=\"cz_sl_icon\"><i class=\"fa czico-074-tick-inside-circle mr10\"><\/i><\/div><div><span>The transfer of transit loads accompanied with survey.<\/span><\/div><\/li><li class=\"clr\"><div class=\"cz_sl_icon\"><i class=\"fa czico-074-tick-inside-circle mr10\"><\/i><\/div><div><span>Chartering of ships suitable for the freight. (Omskiy\/ Volgo-Don\/Sormovsky \/Sibirskiy vb\u2026)<\/span><\/div><\/li><li class=\"clr\"><div class=\"cz_sl_icon\"><i class=\"fa czico-074-tick-inside-circle mr10\"><\/i><\/div><div><span>Last transport after discharge.<\/span><\/div><\/li><\/ul>[\/vc_column][vc_column width=&#8221;1\/2&#8243; offset=&#8221;vc_col-md-3&#8243;]<a class=\"cz_content_box_link\" href=\"https:\/\/transasia.com.tr\/en\/hizmet-agi-hazar-denizi-ulkeleri\/\" title=\"Hizmet A\u011f\u0131 \u2013 Hazar Denizi \u00dclkeleri\"><div class=\"cz_eqh cz_content_box_parent_fx  \"><div id=\"cz_75225\" class=\"cz_75225 cz_content_box clr\"><div class=\"cz_box_front clr\"><div class=\"cz_box_front_inner clr \"><span><\/span><div><div id=\"cz_86086\" class=\"cz_86086 cz_title clr cz_smart_fs cz_mobile_text_center cz_title_pos_inline\"><div class=\"cz_title_shape shape_text cz_shape_1\">I<\/div><div class=\"cz_title_content\"><div class=\"cz_wpe_content\"><h3><span style=\"color: #aaaaaa;\">01.<\/span> CASPIAN SEA COUNTRIES<\/h3>\n<\/div><\/div><\/div><div class=\"cz_gap clr \" style=\"height: 20px\"><\/div><div id=\"cz_20626\" class=\"cz_20626 cz_title clr cz_mobile_text_center cz_title_pos_inline\"><div class=\"cz_title_content\"><div class=\"cz_wpe_content\"><p><span style=\"color: #666666;\">Caspian Sea Ports, Turkmenbasi, Baku<br \/>\n<\/span><\/p>\n<\/div><\/div><\/div><\/div><\/div><\/div><\/div><\/div><\/a><div class=\"cz_gap clr \" style=\"height: 32px\"><\/div><a class=\"cz_content_box_link\" href=\"https:\/\/transasia.com.tr\/en\/hizmet-agi-bati-afrika-ulkeleri\/\" title=\"Hizmet A\u011f\u0131 \u2013 Bat\u0131 Afrika \u00dclkeleri\"><div class=\"cz_eqh cz_content_box_parent_fx  \"><div id=\"cz_91174\" class=\"cz_91174 cz_content_box clr\"><div class=\"cz_box_front clr\"><div class=\"cz_box_front_inner clr \"><span><\/span><div><div id=\"cz_85974\" class=\"cz_85974 cz_title clr cz_smart_fs cz_mobile_text_center cz_title_pos_inline\"><div class=\"cz_title_shape shape_text cz_shape_1\">III<\/div><div class=\"cz_title_content\"><div class=\"cz_wpe_content\"><h3><span style=\"color: #aaaaaa;\">03.<\/span>WEST AFRICAN COUNTRIES<\/h3>\n<\/div><\/div><\/div><div class=\"cz_gap clr \" style=\"height: 20px\"><\/div><div id=\"cz_92461\" class=\"cz_92461 cz_title clr cz_mobile_text_center cz_title_pos_inline\"><div class=\"cz_title_content\"><div class=\"cz_wpe_content\"><p><span style=\"color: #666666;\">Cameroon, Nigeria, Gabon, Sierra Leone<\/span><\/p>\n<\/div><\/div><\/div><\/div><\/div><\/div><\/div><\/div><\/a>[\/vc_column][vc_column width=&#8221;1\/2&#8243; offset=&#8221;vc_col-md-3&#8243;]<div class=\"cz_gap clr  hide_on_tablet hide_on_mobile\" style=\"height: 80px\"><\/div><div class=\"cz_gap show_on_tablet clr  show_only_tablet\" style=\"height: 70px\"><\/div><div class=\"cz_gap show_on_mobile clr\" style=\"height: 50px\"><\/div><a class=\"cz_content_box_link\" href=\"https:\/\/transasia.com.tr\/en\/hizmet-agi-kuzey-afrika-ulkeleri\/\" title=\"Hizmet A\u011f\u0131 \u2013 Kuzey Afrika \u00dclkeleri\"><div class=\"cz_eqh cz_content_box_parent_fx  \"><div id=\"cz_24289\" class=\"cz_24289 cz_content_box clr\"><div class=\"cz_box_front clr\"><div class=\"cz_box_front_inner clr \"><span><\/span><div><div id=\"cz_73277\" class=\"cz_73277 cz_title clr cz_smart_fs cz_mobile_text_center cz_title_pos_inline\"><div class=\"cz_title_shape shape_text cz_shape_1\">II<\/div><div class=\"cz_title_content\"><div class=\"cz_wpe_content\"><h3><span style=\"color: #aaaaaa;\">02.<\/span>NORTH AFRICAN COUNTRIES<\/h3>\n<\/div><\/div><\/div><div class=\"cz_gap clr \" style=\"height: 20px\"><\/div><div id=\"cz_104326\" class=\"cz_104326 cz_title clr cz_mobile_text_center cz_title_pos_inline\"><div class=\"cz_title_content\"><div class=\"cz_wpe_content\"><p><span style=\"color: #666666;\">Algeria, Egypt, Tunisia, Libya, Morocco<br \/>\n<\/span><\/p>\n<\/div><\/div><\/div><\/div><\/div><\/div><\/div><\/div><\/a><div class=\"cz_gap clr \" style=\"height: 32px\"><\/div><a class=\"cz_content_box_link\" href=\"https:\/\/transasia.com.tr\/en\/hizmet-agi-avrupa-ulkeleri\/\" title=\"Hizmet A\u011f\u0131 \u2013 Avrupa \u00dclkeleri\"><div class=\"cz_eqh cz_content_box_parent_fx  \"><div id=\"cz_19505\" class=\"cz_19505 cz_content_box clr\"><div class=\"cz_box_front clr\"><div class=\"cz_box_front_inner clr \"><span><\/span><div><div id=\"cz_13262\" class=\"cz_13262 cz_title clr cz_smart_fs cz_mobile_text_center cz_title_pos_inline\"><div class=\"cz_title_shape shape_text cz_shape_1\">IV<\/div><div class=\"cz_title_content\"><div class=\"cz_wpe_content\"><h3><span style=\"color: #aaaaaa;\">04.<\/span> EUROPEAN COUNTRIES<\/h3>\n<\/div><\/div><\/div><div class=\"cz_gap clr \" style=\"height: 20px\"><\/div><div id=\"cz_67039\" class=\"cz_67039 cz_title clr cz_mobile_text_center cz_title_pos_inline\"><div class=\"cz_title_content\"><div class=\"cz_wpe_content\"><p><span style=\"color: #666666;\">Germany, Italy, France, Spain<\/span><\/p>\n<\/div><\/div><\/div><\/div><\/div><\/div><\/div><\/div><\/a><div class=\"cz_gap clr \" style=\"height: 32px\"><\/div>[\/vc_column][\/vc_row][vc_row][vc_column]<div class=\"cz_gap clr  hide_on_tablet hide_on_mobile\" style=\"height: 100px\"><\/div><div class=\"cz_gap show_on_tablet clr \" style=\"height: 70px\"><\/div>[\/vc_column][\/vc_row]<\/p>\n","protected":false},"excerpt":{"rendered":"<p>[vc_row][vc_column offset=&#8221;vc_col-md-6&#8243;][\/vc_column][vc_column width=&#8221;1\/2&#8243; offset=&#8221;vc_col-md-3&#8243;][\/vc_column][vc_column width=&#8221;1\/2&#8243; offset=&#8221;vc_col-md-3&#8243;][\/vc_column][\/vc_row][vc_row][vc_column][\/vc_column][\/vc_row] &#8230; <\/p>\n","protected":false},"author":1,"featured_media":0,"parent":0,"menu_order":0,"comment_status":"closed","ping_status":"closed","template":"","meta":[],"yoast_head":"<!-- This site is optimized with the Yoast SEO plugin v19.12 - https:\/\/yoast.com\/wordpress\/plugins\/seo\/ -->\n<title>CASPIAN SEA COUNTRIES - Transasia<\/title>\n<meta name=\"robots\" content=\"index, follow, max-snippet:-1, max-image-preview:large, max-video-preview:-1\" \/>\n<link rel=\"canonical\" href=\"https:\/\/transasia.com.tr\/en\/hizmet-agi-hazar-denizi-ulkeleri\/\" \/>\n<meta property=\"og:locale\" content=\"en_US\" \/>\n<meta property=\"og:type\" content=\"article\" \/>\n<meta property=\"og:title\" content=\"CASPIAN SEA COUNTRIES - Transasia\" \/>\n<meta property=\"og:description\" content=\"[vc_row][vc_column offset=&#8221;vc_col-md-6&#8243;][\/vc_column][vc_column width=&#8221;1\/2&#8243; offset=&#8221;vc_col-md-3&#8243;][\/vc_column][vc_column width=&#8221;1\/2&#8243; offset=&#8221;vc_col-md-3&#8243;][\/vc_column][\/vc_row][vc_row][vc_column][\/vc_column][\/vc_row] ...\" \/>\n<meta property=\"og:url\" content=\"https:\/\/transasia.com.tr\/en\/hizmet-agi-hazar-denizi-ulkeleri\/\" \/>\n<meta property=\"og:site_name\" content=\"Transasia\" \/>\n<meta property=\"article:modified_time\" content=\"2021-10-14T20:17:25+00:00\" \/>\n<meta name=\"twitter:card\" content=\"summary_large_image\" \/>\n<meta name=\"twitter:label1\" content=\"Est. reading time\" \/>\n\t<meta name=\"twitter:data1\" content=\"4 minutes\" \/>\n<script type=\"application\/ld+json\" class=\"yoast-schema-graph\">{\"@context\":\"https:\/\/schema.org\",\"@graph\":[{\"@type\":\"WebPage\",\"@id\":\"https:\/\/transasia.com.tr\/en\/hizmet-agi-hazar-denizi-ulkeleri\/\",\"url\":\"https:\/\/transasia.com.tr\/en\/hizmet-agi-hazar-denizi-ulkeleri\/\",\"name\":\"CASPIAN SEA COUNTRIES - Transasia\",\"isPartOf\":{\"@id\":\"https:\/\/transasia.com.tr\/#website\"},\"datePublished\":\"2021-08-25T23:07:46+00:00\",\"dateModified\":\"2021-10-14T20:17:25+00:00\",\"breadcrumb\":{\"@id\":\"https:\/\/transasia.com.tr\/en\/hizmet-agi-hazar-denizi-ulkeleri\/#breadcrumb\"},\"inLanguage\":\"en-US\",\"potentialAction\":[{\"@type\":\"ReadAction\",\"target\":[\"https:\/\/transasia.com.tr\/en\/hizmet-agi-hazar-denizi-ulkeleri\/\"]}]},{\"@type\":\"BreadcrumbList\",\"@id\":\"https:\/\/transasia.com.tr\/en\/hizmet-agi-hazar-denizi-ulkeleri\/#breadcrumb\",\"itemListElement\":[{\"@type\":\"ListItem\",\"position\":1,\"name\":\"Anasayfa\",\"item\":\"https:\/\/transasia.com.tr\/en\/\"},{\"@type\":\"ListItem\",\"position\":2,\"name\":\"CASPIAN SEA COUNTRIES\"}]},{\"@type\":\"WebSite\",\"@id\":\"https:\/\/transasia.com.tr\/#website\",\"url\":\"https:\/\/transasia.com.tr\/\",\"name\":\"Transasia\",\"description\":\"Transasia Denizcilik ve Ta\u015f\u0131mac\u0131l\u0131k Hizmetleri Ltd. \u015eti.\",\"publisher\":{\"@id\":\"https:\/\/transasia.com.tr\/#organization\"},\"potentialAction\":[{\"@type\":\"SearchAction\",\"target\":{\"@type\":\"EntryPoint\",\"urlTemplate\":\"https:\/\/transasia.com.tr\/?s={search_term_string}\"},\"query-input\":\"required name=search_term_string\"}],\"inLanguage\":\"en-US\"},{\"@type\":\"Organization\",\"@id\":\"https:\/\/transasia.com.tr\/#organization\",\"name\":\"Transasia Denizcilik ve Ta\u015f\u0131mac\u0131l\u0131k Hizmetleri Ltd. \u015eti.\",\"url\":\"https:\/\/transasia.com.tr\/\",\"logo\":{\"@type\":\"ImageObject\",\"inLanguage\":\"en-US\",\"@id\":\"https:\/\/transasia.com.tr\/#\/schema\/logo\/image\/\",\"url\":\"https:\/\/transasia.com.tr\/wp-content\/uploads\/2021\/08\/logo-2.png\",\"contentUrl\":\"https:\/\/transasia.com.tr\/wp-content\/uploads\/2021\/08\/logo-2.png\",\"width\":500,\"height\":127,\"caption\":\"Transasia Denizcilik ve Ta\u015f\u0131mac\u0131l\u0131k Hizmetleri Ltd. \u015eti.\"},\"image\":{\"@id\":\"https:\/\/transasia.com.tr\/#\/schema\/logo\/image\/\"}}]}<\/script>\n<!-- \/ Yoast SEO plugin. -->","yoast_head_json":{"title":"CASPIAN SEA COUNTRIES - Transasia","robots":{"index":"index","follow":"follow","max-snippet":"max-snippet:-1","max-image-preview":"max-image-preview:large","max-video-preview":"max-video-preview:-1"},"canonical":"https:\/\/transasia.com.tr\/en\/hizmet-agi-hazar-denizi-ulkeleri\/","og_locale":"en_US","og_type":"article","og_title":"CASPIAN SEA COUNTRIES - Transasia","og_description":"[vc_row][vc_column offset=&#8221;vc_col-md-6&#8243;][\/vc_column][vc_column width=&#8221;1\/2&#8243; offset=&#8221;vc_col-md-3&#8243;][\/vc_column][vc_column width=&#8221;1\/2&#8243; offset=&#8221;vc_col-md-3&#8243;][\/vc_column][\/vc_row][vc_row][vc_column][\/vc_column][\/vc_row] ...","og_url":"https:\/\/transasia.com.tr\/en\/hizmet-agi-hazar-denizi-ulkeleri\/","og_site_name":"Transasia","article_modified_time":"2021-10-14T20:17:25+00:00","twitter_card":"summary_large_image","twitter_misc":{"Est. reading time":"4 minutes"},"schema":{"@context":"https:\/\/schema.org","@graph":[{"@type":"WebPage","@id":"https:\/\/transasia.com.tr\/en\/hizmet-agi-hazar-denizi-ulkeleri\/","url":"https:\/\/transasia.com.tr\/en\/hizmet-agi-hazar-denizi-ulkeleri\/","name":"CASPIAN SEA COUNTRIES - Transasia","isPartOf":{"@id":"https:\/\/transasia.com.tr\/#website"},"datePublished":"2021-08-25T23:07:46+00:00","dateModified":"2021-10-14T20:17:25+00:00","breadcrumb":{"@id":"https:\/\/transasia.com.tr\/en\/hizmet-agi-hazar-denizi-ulkeleri\/#breadcrumb"},"inLanguage":"en-US","potentialAction":[{"@type":"ReadAction","target":["https:\/\/transasia.com.tr\/en\/hizmet-agi-hazar-denizi-ulkeleri\/"]}]},{"@type":"BreadcrumbList","@id":"https:\/\/transasia.com.tr\/en\/hizmet-agi-hazar-denizi-ulkeleri\/#breadcrumb","itemListElement":[{"@type":"ListItem","position":1,"name":"Anasayfa","item":"https:\/\/transasia.com.tr\/en\/"},{"@type":"ListItem","position":2,"name":"CASPIAN SEA COUNTRIES"}]},{"@type":"WebSite","@id":"https:\/\/transasia.com.tr\/#website","url":"https:\/\/transasia.com.tr\/","name":"Transasia","description":"Transasia Denizcilik ve Ta\u015f\u0131mac\u0131l\u0131k Hizmetleri Ltd. \u015eti.","publisher":{"@id":"https:\/\/transasia.com.tr\/#organization"},"potentialAction":[{"@type":"SearchAction","target":{"@type":"EntryPoint","urlTemplate":"https:\/\/transasia.com.tr\/?s={search_term_string}"},"query-input":"required name=search_term_string"}],"inLanguage":"en-US"},{"@type":"Organization","@id":"https:\/\/transasia.com.tr\/#organization","name":"Transasia Denizcilik ve Ta\u015f\u0131mac\u0131l\u0131k Hizmetleri Ltd. \u015eti.","url":"https:\/\/transasia.com.tr\/","logo":{"@type":"ImageObject","inLanguage":"en-US","@id":"https:\/\/transasia.com.tr\/#\/schema\/logo\/image\/","url":"https:\/\/transasia.com.tr\/wp-content\/uploads\/2021\/08\/logo-2.png","contentUrl":"https:\/\/transasia.com.tr\/wp-content\/uploads\/2021\/08\/logo-2.png","width":500,"height":127,"caption":"Transasia Denizcilik ve Ta\u015f\u0131mac\u0131l\u0131k Hizmetleri Ltd. \u015eti."},"image":{"@id":"https:\/\/transasia.com.tr\/#\/schema\/logo\/image\/"}}]}},"_links":{"self":[{"href":"https:\/\/transasia.com.tr\/en\/wp-json\/wp\/v2\/pages\/1546"}],"collection":[{"href":"https:\/\/transasia.com.tr\/en\/wp-json\/wp\/v2\/pages"}],"about":[{"href":"https:\/\/transasia.com.tr\/en\/wp-json\/wp\/v2\/types\/page"}],"author":[{"embeddable":true,"href":"https:\/\/transasia.com.tr\/en\/wp-json\/wp\/v2\/users\/1"}],"replies":[{"embeddable":true,"href":"https:\/\/transasia.com.tr\/en\/wp-json\/wp\/v2\/comments?post=1546"}],"version-history":[{"count":3,"href":"https:\/\/transasia.com.tr\/en\/wp-json\/wp\/v2\/pages\/1546\/revisions"}],"predecessor-version":[{"id":1550,"href":"https:\/\/transasia.com.tr\/en\/wp-json\/wp\/v2\/pages\/1546\/revisions\/1550"}],"wp:attachment":[{"href":"https:\/\/transasia.com.tr\/en\/wp-json\/wp\/v2\/media?parent=1546"}],"curies":[{"name":"wp","href":"https:\/\/api.w.org\/{rel}","templated":true}]}}